{"id":2528,"date":"2025-10-20T14:28:40","date_gmt":"2025-10-20T12:28:40","guid":{"rendered":"https:\/\/nueva.dormirenpalasderei.com\/?post_type=product&#038;p=2528"},"modified":"2026-01-23T13:28:27","modified_gmt":"2026-01-23T12:28:27","slug":"o-noso-recuncho","status":"publish","type":"product","link":"https:\/\/dormirenpalasderei.com\/en\/product\/o-noso-recuncho\/","title":{"rendered":"O Noso Recuncho"},"content":{"rendered":"<h3>Servicios<\/h3>\n<h3>Cocina<\/h3>\n<ul>\n<li>Cafetera el\u00e9ctrica<\/li>\n<li>Hervidor<\/li>\n<li>Menaje considerable<\/li>\n<li>Microondas<\/li>\n<li>Nevera + congelador<\/li>\n<li>Vitrocer\u00e1mica<\/li>\n<\/ul>\n<h3>Habitaciones y ba\u00f1o<\/h3>\n<ul>\n<li>Gel de ba\u00f1o y champ\u00fa<\/li>\n<li>Ropa de cama y almohadas<\/li>\n<li>Secador de pelo<\/li>\n<li>Toallas<\/li>\n<\/ul>\n<h3>Otras Caracter\u00edsticas<\/h3>\n<ul>\n<li>Aparcamiento p\u00fablico gratuito en las inmediaciones<\/li>\n<li>Calefacci\u00f3n<\/li>\n<li>Entrada aut\u00f3noma<\/li>\n<li>Internet (wifi)<\/li>\n<li>Lavadora<\/li>\n<li>Recepci\u00f3n de mochilas\/maletas (contratar el servicio con empresas (aqu\u00ed enlace) dedicadas a este prop\u00f3sito.<\/li>\n<li>Se admiten mascotas BAJO PETICI\u00d3N (suplemento por mascota\/noche)<\/li>\n<li>Tv<\/li>\n<\/ul>","protected":false},"excerpt":{"rendered":"<p>El apartamento O NOSO RECUNCHO se sit\u00faa a 200 metros del Camino de Santiago, en Palas de Rei.<br \/>\nEs el m\u00e1s coqueto de nuestros apartamentos.<br \/>\nSe distribuye en un amplio espacio tipo loft donde se ubica la habitaci\u00f3n (con cama doble), una zona de estar, la cocina y zona para comer. El ba\u00f1o est\u00e1 dentro del apartamento pero es independiente de este espacio abierto.<br \/>\nDispone de Wifi, cocina equipada, pantalla plana, parking gratis en las inmediaciones (p\u00fablico).<br \/>\nEst\u00e1 a 300 metros del ayuntamiento y la plaza del pueblo y tiene todos los servicios muy pr\u00f3ximos.<br \/>\nTiene el aeropuerto de Santiago de Compostela (SCQ) a 40 minutos.<\/p>","protected":false},"featured_media":2561,"template":"","meta":{"inline_featured_image":false,"_joinchat":[]},"product_brand":[],"product_cat":[18],"product_tag":[],"class_list":{"0":"post-2528","1":"product","2":"type-product","3":"status-publish","4":"has-post-thumbnail","6":"product_cat-sin-categorizar","7":"yith_booking_service-mascota","9":"first","10":"instock","11":"virtual","12":"sold-individually","13":"taxable","14":"purchasable","15":"product-type-booking"},"yoast_head":"<!-- This site is optimized with the Yoast SEO plugin v26.8 - https:\/\/yoast.com\/product\/yoast-seo-wordpress\/ -->\n<title>O Noso Recuncho - Dormir en Palas de Rei<\/title>\n<meta name=\"robots\" content=\"noindex, follow\" \/>\n<meta property=\"og:locale\" content=\"en_GB\" \/>\n<meta property=\"og:type\" content=\"article\" \/>\n<meta property=\"og:title\" content=\"O Noso Recuncho - Dormir en Palas de Rei\" \/>\n<meta property=\"og:description\" content=\"El apartamento O NOSO RECUNCHO se sit\u00faa a 200 metros del Camino de Santiago, en Palas de Rei. Es el m\u00e1s coqueto de nuestros apartamentos. Se distribuye en un amplio espacio tipo loft donde se ubica la habitaci\u00f3n (con cama doble), una zona de estar, la cocina y zona para comer. El ba\u00f1o est\u00e1 dentro del apartamento pero es independiente de este espacio abierto. Dispone de Wifi, cocina equipada, pantalla plana, parking gratis en las inmediaciones (p\u00fablico). Est\u00e1 a 300 metros del ayuntamiento y la plaza del pueblo y tiene todos los servicios muy pr\u00f3ximos. Tiene el aeropuerto de Santiago de Compostela (SCQ) a 40 minutos.\" \/>\n<meta property=\"og:url\" content=\"https:\/\/dormirenpalasderei.com\/en\/product\/o-noso-recuncho\/\" \/>\n<meta property=\"og:site_name\" content=\"Dormir en Palas de Rei\" \/>\n<meta property=\"article:modified_time\" content=\"2026-01-23T12:28:27+00:00\" \/>\n<meta property=\"og:image\" content=\"https:\/\/dormirenpalasderei.com\/wp-content\/uploads\/2025\/10\/30042014-_DSC0002-Mejorado-NR-scaled-1.jpg\" \/>\n\t<meta property=\"og:image:width\" content=\"2560\" \/>\n\t<meta property=\"og:image:height\" content=\"1709\" \/>\n\t<meta property=\"og:image:type\" content=\"image\/jpeg\" \/>\n<meta name=\"twitter:card\" content=\"summary_large_image\" \/>\n<meta name=\"twitter:label1\" content=\"Estimated reading time\" \/>\n\t<meta name=\"twitter:data1\" content=\"1 minute\" \/>\n<script type=\"application\/ld+json\" class=\"yoast-schema-graph\">{\"@context\":\"https:\/\/schema.org\",\"@graph\":[{\"@type\":\"WebPage\",\"@id\":\"https:\/\/dormirenpalasderei.com\/producto\/o-noso-recuncho\/\",\"url\":\"https:\/\/dormirenpalasderei.com\/producto\/o-noso-recuncho\/\",\"name\":\"O Noso Recuncho - Dormir en Palas de Rei\",\"isPartOf\":{\"@id\":\"https:\/\/dormirenpalasderei.com\/#website\"},\"primaryImageOfPage\":{\"@id\":\"https:\/\/dormirenpalasderei.com\/producto\/o-noso-recuncho\/#primaryimage\"},\"image\":{\"@id\":\"https:\/\/dormirenpalasderei.com\/producto\/o-noso-recuncho\/#primaryimage\"},\"thumbnailUrl\":\"https:\/\/dormirenpalasderei.com\/wp-content\/uploads\/2025\/10\/30042014-_DSC0002-Mejorado-NR-scaled-1.jpg\",\"datePublished\":\"2025-10-20T12:28:40+00:00\",\"dateModified\":\"2026-01-23T12:28:27+00:00\",\"breadcrumb\":{\"@id\":\"https:\/\/dormirenpalasderei.com\/producto\/o-noso-recuncho\/#breadcrumb\"},\"inLanguage\":\"en-GB\",\"potentialAction\":[{\"@type\":\"ReadAction\",\"target\":[\"https:\/\/dormirenpalasderei.com\/producto\/o-noso-recuncho\/\"]}]},{\"@type\":\"ImageObject\",\"inLanguage\":\"en-GB\",\"@id\":\"https:\/\/dormirenpalasderei.com\/producto\/o-noso-recuncho\/#primaryimage\",\"url\":\"https:\/\/dormirenpalasderei.com\/wp-content\/uploads\/2025\/10\/30042014-_DSC0002-Mejorado-NR-scaled-1.jpg\",\"contentUrl\":\"https:\/\/dormirenpalasderei.com\/wp-content\/uploads\/2025\/10\/30042014-_DSC0002-Mejorado-NR-scaled-1.jpg\",\"width\":2560,\"height\":1709},{\"@type\":\"BreadcrumbList\",\"@id\":\"https:\/\/dormirenpalasderei.com\/producto\/o-noso-recuncho\/#breadcrumb\",\"itemListElement\":[{\"@type\":\"ListItem\",\"position\":1,\"name\":\"Portada\",\"item\":\"https:\/\/dormirenpalasderei.com\/\"},{\"@type\":\"ListItem\",\"position\":2,\"name\":\"Tienda\",\"item\":\"https:\/\/dormirenpalasderei.com\/tienda\/\"},{\"@type\":\"ListItem\",\"position\":3,\"name\":\"O Noso Recuncho\"}]},{\"@type\":\"WebSite\",\"@id\":\"https:\/\/dormirenpalasderei.com\/#website\",\"url\":\"https:\/\/dormirenpalasderei.com\/\",\"name\":\"Casa dos Americanos\",\"description\":\"Viviendas de Uso Tur\u00edstico en el Camino de Santiago\",\"publisher\":{\"@id\":\"https:\/\/dormirenpalasderei.com\/#organization\"},\"potentialAction\":[{\"@type\":\"SearchAction\",\"target\":{\"@type\":\"EntryPoint\",\"urlTemplate\":\"https:\/\/dormirenpalasderei.com\/?s={search_term_string}\"},\"query-input\":{\"@type\":\"PropertyValueSpecification\",\"valueRequired\":true,\"valueName\":\"search_term_string\"}}],\"inLanguage\":\"en-GB\"},{\"@type\":\"Organization\",\"@id\":\"https:\/\/dormirenpalasderei.com\/#organization\",\"name\":\"Casa dos Americanos\",\"url\":\"https:\/\/dormirenpalasderei.com\/\",\"logo\":{\"@type\":\"ImageObject\",\"inLanguage\":\"en-GB\",\"@id\":\"https:\/\/dormirenpalasderei.com\/#\/schema\/logo\/image\/\",\"url\":\"\",\"contentUrl\":\"\",\"caption\":\"Casa dos Americanos\"},\"image\":{\"@id\":\"https:\/\/dormirenpalasderei.com\/#\/schema\/logo\/image\/\"}}]}<\/script>\n<!-- \/ Yoast SEO plugin. -->","yoast_head_json":{"title":"O Noso Recuncho - Dormir en Palas de Rei","robots":{"index":"noindex","follow":"follow"},"og_locale":"en_GB","og_type":"article","og_title":"O Noso Recuncho - Dormir en Palas de Rei","og_description":"El apartamento O NOSO RECUNCHO se sit\u00faa a 200 metros del Camino de Santiago, en Palas de Rei. Es el m\u00e1s coqueto de nuestros apartamentos. Se distribuye en un amplio espacio tipo loft donde se ubica la habitaci\u00f3n (con cama doble), una zona de estar, la cocina y zona para comer. El ba\u00f1o est\u00e1 dentro del apartamento pero es independiente de este espacio abierto. Dispone de Wifi, cocina equipada, pantalla plana, parking gratis en las inmediaciones (p\u00fablico). Est\u00e1 a 300 metros del ayuntamiento y la plaza del pueblo y tiene todos los servicios muy pr\u00f3ximos. Tiene el aeropuerto de Santiago de Compostela (SCQ) a 40 minutos.","og_url":"https:\/\/dormirenpalasderei.com\/en\/product\/o-noso-recuncho\/","og_site_name":"Dormir en Palas de Rei","article_modified_time":"2026-01-23T12:28:27+00:00","og_image":[{"width":2560,"height":1709,"url":"https:\/\/dormirenpalasderei.com\/wp-content\/uploads\/2025\/10\/30042014-_DSC0002-Mejorado-NR-scaled-1.jpg","type":"image\/jpeg"}],"twitter_card":"summary_large_image","twitter_misc":{"Estimated reading time":"1 minute"},"schema":{"@context":"https:\/\/schema.org","@graph":[{"@type":"WebPage","@id":"https:\/\/dormirenpalasderei.com\/producto\/o-noso-recuncho\/","url":"https:\/\/dormirenpalasderei.com\/producto\/o-noso-recuncho\/","name":"O Noso Recuncho - Dormir en Palas de Rei","isPartOf":{"@id":"https:\/\/dormirenpalasderei.com\/#website"},"primaryImageOfPage":{"@id":"https:\/\/dormirenpalasderei.com\/producto\/o-noso-recuncho\/#primaryimage"},"image":{"@id":"https:\/\/dormirenpalasderei.com\/producto\/o-noso-recuncho\/#primaryimage"},"thumbnailUrl":"https:\/\/dormirenpalasderei.com\/wp-content\/uploads\/2025\/10\/30042014-_DSC0002-Mejorado-NR-scaled-1.jpg","datePublished":"2025-10-20T12:28:40+00:00","dateModified":"2026-01-23T12:28:27+00:00","breadcrumb":{"@id":"https:\/\/dormirenpalasderei.com\/producto\/o-noso-recuncho\/#breadcrumb"},"inLanguage":"en-GB","potentialAction":[{"@type":"ReadAction","target":["https:\/\/dormirenpalasderei.com\/producto\/o-noso-recuncho\/"]}]},{"@type":"ImageObject","inLanguage":"en-GB","@id":"https:\/\/dormirenpalasderei.com\/producto\/o-noso-recuncho\/#primaryimage","url":"https:\/\/dormirenpalasderei.com\/wp-content\/uploads\/2025\/10\/30042014-_DSC0002-Mejorado-NR-scaled-1.jpg","contentUrl":"https:\/\/dormirenpalasderei.com\/wp-content\/uploads\/2025\/10\/30042014-_DSC0002-Mejorado-NR-scaled-1.jpg","width":2560,"height":1709},{"@type":"BreadcrumbList","@id":"https:\/\/dormirenpalasderei.com\/producto\/o-noso-recuncho\/#breadcrumb","itemListElement":[{"@type":"ListItem","position":1,"name":"Portada","item":"https:\/\/dormirenpalasderei.com\/"},{"@type":"ListItem","position":2,"name":"Tienda","item":"https:\/\/dormirenpalasderei.com\/tienda\/"},{"@type":"ListItem","position":3,"name":"O Noso Recuncho"}]},{"@type":"WebSite","@id":"https:\/\/dormirenpalasderei.com\/#website","url":"https:\/\/dormirenpalasderei.com\/","name":"Casa dos Americanos","description":"Viviendas de Uso Tur\u00edstico en el Camino de Santiago","publisher":{"@id":"https:\/\/dormirenpalasderei.com\/#organization"},"potentialAction":[{"@type":"SearchAction","target":{"@type":"EntryPoint","urlTemplate":"https:\/\/dormirenpalasderei.com\/?s={search_term_string}"},"query-input":{"@type":"PropertyValueSpecification","valueRequired":true,"valueName":"search_term_string"}}],"inLanguage":"en-GB"},{"@type":"Organization","@id":"https:\/\/dormirenpalasderei.com\/#organization","name":"Casa dos Americanos","url":"https:\/\/dormirenpalasderei.com\/","logo":{"@type":"ImageObject","inLanguage":"en-GB","@id":"https:\/\/dormirenpalasderei.com\/#\/schema\/logo\/image\/","url":"","contentUrl":"","caption":"Casa dos Americanos"},"image":{"@id":"https:\/\/dormirenpalasderei.com\/#\/schema\/logo\/image\/"}}]}},"_links":{"self":[{"href":"https:\/\/dormirenpalasderei.com\/en\/wp-json\/wp\/v2\/product\/2528","targetHints":{"allow":["GET"]}}],"collection":[{"href":"https:\/\/dormirenpalasderei.com\/en\/wp-json\/wp\/v2\/product"}],"about":[{"href":"https:\/\/dormirenpalasderei.com\/en\/wp-json\/wp\/v2\/types\/product"}],"wp:featuredmedia":[{"embeddable":true,"href":"https:\/\/dormirenpalasderei.com\/en\/wp-json\/wp\/v2\/media\/2561"}],"wp:attachment":[{"href":"https:\/\/dormirenpalasderei.com\/en\/wp-json\/wp\/v2\/media?parent=2528"}],"wp:term":[{"taxonomy":"product_brand","embeddable":true,"href":"https:\/\/dormirenpalasderei.com\/en\/wp-json\/wp\/v2\/product_brand?post=2528"},{"taxonomy":"product_cat","embeddable":true,"href":"https:\/\/dormirenpalasderei.com\/en\/wp-json\/wp\/v2\/product_cat?post=2528"},{"taxonomy":"product_tag","embeddable":true,"href":"https:\/\/dormirenpalasderei.com\/en\/wp-json\/wp\/v2\/product_tag?post=2528"}],"curies":[{"name":"wp","href":"https:\/\/api.w.org\/{rel}","templated":true}]}}