{"id":824,"date":"2025-05-22T10:45:40","date_gmt":"2025-05-22T08:45:40","guid":{"rendered":"https:\/\/yogood.clientes.galiciadigital.com\/?post_type=product&#038;p=824"},"modified":"2026-01-23T13:27:12","modified_gmt":"2026-01-23T12:27:12","slug":"a-torna","status":"publish","type":"product","link":"https:\/\/dormirenpalasderei.com\/en\/product\/a-torna\/","title":{"rendered":"A Torna"},"content":{"rendered":"<h3>Servicios<\/h3>\n<h4>Cocina<\/h4>\n<ul>\n<li>Cafetera el\u00e9ctrica<\/li>\n<li>Hervidor<\/li>\n<li>Horno<\/li>\n<li>Menaje considerable<\/li>\n<li>Microondas<\/li>\n<li>Nevera + congelador<\/li>\n<li>Vitrocer\u00e1mica<\/li>\n<\/ul>\n<h4>Habitaciones y ba\u00f1o<\/h4>\n<ul>\n<li>Gel de ba\u00f1o y champ\u00fa<\/li>\n<li>Ropa de cama y almohadas<\/li>\n<li>Secador de pelo<\/li>\n<li>Toallas<\/li>\n<\/ul>\n<h4>Otras Caracter\u00edsticas<\/h4>\n<ul>\n<li>Aparcamiento p\u00fablico gratuito en las inmediaciones<\/li>\n<li>Calefacci\u00f3n<\/li>\n<li>Entrada aut\u00f3noma<\/li>\n<li>Internet (wifi)<\/li>\n<li>Lavadora<\/li>\n<li>Recepci\u00f3n de mochilas\/maletas (contratar el servicio con empresas (aqu\u00ed enlace) dedicadas a este prop\u00f3sito.<\/li>\n<li>Se admiten mascotas BAJO PETICI\u00d3N (suplemento por mascota\/noche)<\/li>\n<li>Tv<\/li>\n<\/ul>","protected":false},"excerpt":{"rendered":"<p>El apartamento A Torna se sit\u00faa a 200 metros del Camino de Santiago, en Palas de Rei.<br \/>\nConsta de 3 habitaciones dobles (2 equipadas con cama doble y capacidad total para 6 personas.<br \/>\nDispone de Wifi, cocina equipada, dos ba\u00f1os, sal\u00f3n con pantalla plana, parking gratis en las inmediaciones (p\u00fablico).<br \/>\nEst\u00e1 a 300 metros del ayuntamiento y la plaza del pueblo y tiene todos los servicios muy pr\u00f3ximos.<br \/>\nTiene el aeropuerto de Santiago de Compostela (SCQ) a 40 minutos.<\/p>","protected":false},"featured_media":2477,"template":"","meta":{"inline_featured_image":false,"_joinchat":[]},"product_brand":[],"product_cat":[18],"product_tag":[],"class_list":{"0":"post-824","1":"product","2":"type-product","3":"status-publish","4":"has-post-thumbnail","6":"product_cat-sin-categorizar","7":"yith_booking_service-mascota","9":"first","10":"instock","11":"virtual","12":"sold-individually","13":"taxable","14":"purchasable","15":"product-type-booking"},"yoast_head":"<!-- This site is optimized with the Yoast SEO plugin v26.8 - https:\/\/yoast.com\/product\/yoast-seo-wordpress\/ -->\n<title>A Torna - Dormir en Palas de Rei<\/title>\n<meta name=\"robots\" content=\"noindex, follow\" \/>\n<meta property=\"og:locale\" content=\"en_GB\" \/>\n<meta property=\"og:type\" content=\"article\" \/>\n<meta property=\"og:title\" content=\"A Torna - Dormir en Palas de Rei\" \/>\n<meta property=\"og:description\" content=\"El apartamento A Torna se sit\u00faa a 200 metros del Camino de Santiago, en Palas de Rei. Consta de 3 habitaciones dobles (2 equipadas con cama doble y capacidad total para 6 personas. Dispone de Wifi, cocina equipada, dos ba\u00f1os, sal\u00f3n con pantalla plana, parking gratis en las inmediaciones (p\u00fablico). Est\u00e1 a 300 metros del ayuntamiento y la plaza del pueblo y tiene todos los servicios muy pr\u00f3ximos. Tiene el aeropuerto de Santiago de Compostela (SCQ) a 40 minutos.\" \/>\n<meta property=\"og:url\" content=\"https:\/\/dormirenpalasderei.com\/en\/product\/a-torna\/\" \/>\n<meta property=\"og:site_name\" content=\"Dormir en Palas de Rei\" \/>\n<meta property=\"article:modified_time\" content=\"2026-01-23T12:27:12+00:00\" \/>\n<meta property=\"og:image\" content=\"https:\/\/dormirenpalasderei.com\/wp-content\/uploads\/2025\/05\/30052025-_DSC5771.jpg\" \/>\n\t<meta property=\"og:image:width\" content=\"2560\" \/>\n\t<meta property=\"og:image:height\" content=\"1703\" \/>\n\t<meta property=\"og:image:type\" content=\"image\/jpeg\" \/>\n<meta name=\"twitter:card\" content=\"summary_large_image\" \/>\n<meta name=\"twitter:label1\" content=\"Estimated reading time\" \/>\n\t<meta name=\"twitter:data1\" content=\"1 minute\" \/>\n<script type=\"application\/ld+json\" class=\"yoast-schema-graph\">{\"@context\":\"https:\/\/schema.org\",\"@graph\":[{\"@type\":\"WebPage\",\"@id\":\"https:\/\/dormirenpalasderei.com\/producto\/a-torna\/\",\"url\":\"https:\/\/dormirenpalasderei.com\/producto\/a-torna\/\",\"name\":\"A Torna - Dormir en Palas de Rei\",\"isPartOf\":{\"@id\":\"https:\/\/dormirenpalasderei.com\/#website\"},\"primaryImageOfPage\":{\"@id\":\"https:\/\/dormirenpalasderei.com\/producto\/a-torna\/#primaryimage\"},\"image\":{\"@id\":\"https:\/\/dormirenpalasderei.com\/producto\/a-torna\/#primaryimage\"},\"thumbnailUrl\":\"https:\/\/dormirenpalasderei.com\/wp-content\/uploads\/2025\/05\/30052025-_DSC5771.jpg\",\"datePublished\":\"2025-05-22T08:45:40+00:00\",\"dateModified\":\"2026-01-23T12:27:12+00:00\",\"breadcrumb\":{\"@id\":\"https:\/\/dormirenpalasderei.com\/producto\/a-torna\/#breadcrumb\"},\"inLanguage\":\"en-GB\",\"potentialAction\":[{\"@type\":\"ReadAction\",\"target\":[\"https:\/\/dormirenpalasderei.com\/producto\/a-torna\/\"]}]},{\"@type\":\"ImageObject\",\"inLanguage\":\"en-GB\",\"@id\":\"https:\/\/dormirenpalasderei.com\/producto\/a-torna\/#primaryimage\",\"url\":\"https:\/\/dormirenpalasderei.com\/wp-content\/uploads\/2025\/05\/30052025-_DSC5771.jpg\",\"contentUrl\":\"https:\/\/dormirenpalasderei.com\/wp-content\/uploads\/2025\/05\/30052025-_DSC5771.jpg\",\"width\":2560,\"height\":1703},{\"@type\":\"BreadcrumbList\",\"@id\":\"https:\/\/dormirenpalasderei.com\/producto\/a-torna\/#breadcrumb\",\"itemListElement\":[{\"@type\":\"ListItem\",\"position\":1,\"name\":\"Portada\",\"item\":\"https:\/\/dormirenpalasderei.com\/\"},{\"@type\":\"ListItem\",\"position\":2,\"name\":\"Tienda\",\"item\":\"https:\/\/dormirenpalasderei.com\/tienda\/\"},{\"@type\":\"ListItem\",\"position\":3,\"name\":\"A Torna\"}]},{\"@type\":\"WebSite\",\"@id\":\"https:\/\/dormirenpalasderei.com\/#website\",\"url\":\"https:\/\/dormirenpalasderei.com\/\",\"name\":\"Casa dos Americanos\",\"description\":\"Viviendas de Uso Tur\u00edstico en el Camino de Santiago\",\"publisher\":{\"@id\":\"https:\/\/dormirenpalasderei.com\/#organization\"},\"potentialAction\":[{\"@type\":\"SearchAction\",\"target\":{\"@type\":\"EntryPoint\",\"urlTemplate\":\"https:\/\/dormirenpalasderei.com\/?s={search_term_string}\"},\"query-input\":{\"@type\":\"PropertyValueSpecification\",\"valueRequired\":true,\"valueName\":\"search_term_string\"}}],\"inLanguage\":\"en-GB\"},{\"@type\":\"Organization\",\"@id\":\"https:\/\/dormirenpalasderei.com\/#organization\",\"name\":\"Casa dos Americanos\",\"url\":\"https:\/\/dormirenpalasderei.com\/\",\"logo\":{\"@type\":\"ImageObject\",\"inLanguage\":\"en-GB\",\"@id\":\"https:\/\/dormirenpalasderei.com\/#\/schema\/logo\/image\/\",\"url\":\"\",\"contentUrl\":\"\",\"caption\":\"Casa dos Americanos\"},\"image\":{\"@id\":\"https:\/\/dormirenpalasderei.com\/#\/schema\/logo\/image\/\"}}]}<\/script>\n<!-- \/ Yoast SEO plugin. -->","yoast_head_json":{"title":"A Torna - Dormir en Palas de Rei","robots":{"index":"noindex","follow":"follow"},"og_locale":"en_GB","og_type":"article","og_title":"A Torna - Dormir en Palas de Rei","og_description":"El apartamento A Torna se sit\u00faa a 200 metros del Camino de Santiago, en Palas de Rei. Consta de 3 habitaciones dobles (2 equipadas con cama doble y capacidad total para 6 personas. Dispone de Wifi, cocina equipada, dos ba\u00f1os, sal\u00f3n con pantalla plana, parking gratis en las inmediaciones (p\u00fablico). Est\u00e1 a 300 metros del ayuntamiento y la plaza del pueblo y tiene todos los servicios muy pr\u00f3ximos. Tiene el aeropuerto de Santiago de Compostela (SCQ) a 40 minutos.","og_url":"https:\/\/dormirenpalasderei.com\/en\/product\/a-torna\/","og_site_name":"Dormir en Palas de Rei","article_modified_time":"2026-01-23T12:27:12+00:00","og_image":[{"width":2560,"height":1703,"url":"https:\/\/dormirenpalasderei.com\/wp-content\/uploads\/2025\/05\/30052025-_DSC5771.jpg","type":"image\/jpeg"}],"twitter_card":"summary_large_image","twitter_misc":{"Estimated reading time":"1 minute"},"schema":{"@context":"https:\/\/schema.org","@graph":[{"@type":"WebPage","@id":"https:\/\/dormirenpalasderei.com\/producto\/a-torna\/","url":"https:\/\/dormirenpalasderei.com\/producto\/a-torna\/","name":"A Torna - Dormir en Palas de Rei","isPartOf":{"@id":"https:\/\/dormirenpalasderei.com\/#website"},"primaryImageOfPage":{"@id":"https:\/\/dormirenpalasderei.com\/producto\/a-torna\/#primaryimage"},"image":{"@id":"https:\/\/dormirenpalasderei.com\/producto\/a-torna\/#primaryimage"},"thumbnailUrl":"https:\/\/dormirenpalasderei.com\/wp-content\/uploads\/2025\/05\/30052025-_DSC5771.jpg","datePublished":"2025-05-22T08:45:40+00:00","dateModified":"2026-01-23T12:27:12+00:00","breadcrumb":{"@id":"https:\/\/dormirenpalasderei.com\/producto\/a-torna\/#breadcrumb"},"inLanguage":"en-GB","potentialAction":[{"@type":"ReadAction","target":["https:\/\/dormirenpalasderei.com\/producto\/a-torna\/"]}]},{"@type":"ImageObject","inLanguage":"en-GB","@id":"https:\/\/dormirenpalasderei.com\/producto\/a-torna\/#primaryimage","url":"https:\/\/dormirenpalasderei.com\/wp-content\/uploads\/2025\/05\/30052025-_DSC5771.jpg","contentUrl":"https:\/\/dormirenpalasderei.com\/wp-content\/uploads\/2025\/05\/30052025-_DSC5771.jpg","width":2560,"height":1703},{"@type":"BreadcrumbList","@id":"https:\/\/dormirenpalasderei.com\/producto\/a-torna\/#breadcrumb","itemListElement":[{"@type":"ListItem","position":1,"name":"Portada","item":"https:\/\/dormirenpalasderei.com\/"},{"@type":"ListItem","position":2,"name":"Tienda","item":"https:\/\/dormirenpalasderei.com\/tienda\/"},{"@type":"ListItem","position":3,"name":"A Torna"}]},{"@type":"WebSite","@id":"https:\/\/dormirenpalasderei.com\/#website","url":"https:\/\/dormirenpalasderei.com\/","name":"Casa dos Americanos","description":"Viviendas de Uso Tur\u00edstico en el Camino de Santiago","publisher":{"@id":"https:\/\/dormirenpalasderei.com\/#organization"},"potentialAction":[{"@type":"SearchAction","target":{"@type":"EntryPoint","urlTemplate":"https:\/\/dormirenpalasderei.com\/?s={search_term_string}"},"query-input":{"@type":"PropertyValueSpecification","valueRequired":true,"valueName":"search_term_string"}}],"inLanguage":"en-GB"},{"@type":"Organization","@id":"https:\/\/dormirenpalasderei.com\/#organization","name":"Casa dos Americanos","url":"https:\/\/dormirenpalasderei.com\/","logo":{"@type":"ImageObject","inLanguage":"en-GB","@id":"https:\/\/dormirenpalasderei.com\/#\/schema\/logo\/image\/","url":"","contentUrl":"","caption":"Casa dos Americanos"},"image":{"@id":"https:\/\/dormirenpalasderei.com\/#\/schema\/logo\/image\/"}}]}},"_links":{"self":[{"href":"https:\/\/dormirenpalasderei.com\/en\/wp-json\/wp\/v2\/product\/824","targetHints":{"allow":["GET"]}}],"collection":[{"href":"https:\/\/dormirenpalasderei.com\/en\/wp-json\/wp\/v2\/product"}],"about":[{"href":"https:\/\/dormirenpalasderei.com\/en\/wp-json\/wp\/v2\/types\/product"}],"wp:featuredmedia":[{"embeddable":true,"href":"https:\/\/dormirenpalasderei.com\/en\/wp-json\/wp\/v2\/media\/2477"}],"wp:attachment":[{"href":"https:\/\/dormirenpalasderei.com\/en\/wp-json\/wp\/v2\/media?parent=824"}],"wp:term":[{"taxonomy":"product_brand","embeddable":true,"href":"https:\/\/dormirenpalasderei.com\/en\/wp-json\/wp\/v2\/product_brand?post=824"},{"taxonomy":"product_cat","embeddable":true,"href":"https:\/\/dormirenpalasderei.com\/en\/wp-json\/wp\/v2\/product_cat?post=824"},{"taxonomy":"product_tag","embeddable":true,"href":"https:\/\/dormirenpalasderei.com\/en\/wp-json\/wp\/v2\/product_tag?post=824"}],"curies":[{"name":"wp","href":"https:\/\/api.w.org\/{rel}","templated":true}]}}